{"id":7581,"date":"2020-07-13T20:12:21","date_gmt":"2020-07-13T17:12:21","guid":{"rendered":"http:\/\/www.helpzone.org\/?page_id=7581"},"modified":"2023-02-11T22:43:03","modified_gmt":"2023-02-11T19:43:03","slug":"support","status":"publish","type":"page","link":"https:\/\/www.helpzone.org\/en\/support\/","title":{"rendered":"Support"},"content":{"rendered":"<section class=\"l-section wpb_row height_medium\"><div class=\"l-section-h i-cf\"><div class=\"g-cols vc_row via_flex valign_top type_default stacking_default\"><div class=\"vc_col-sm-12 wpb_column vc_column_container\"><div class=\"vc_column-inner\"><div class=\"wpb_wrapper\"><div class=\"wpb_text_column\"><div class=\"wpb_wrapper\"><h5><\/h5>\n<h5 style=\"text-align: center;\">Donate Now<\/h5>\n<h5 style=\"text-align: center;\">Hesap Ad\u0131 : Herkes i\u00e7in E\u015fitlik ve Liderlik Platformu Derne\u011fi<\/h5>\n<p style=\"text-align: center;\">\u015eube : Konac\u0131k &#8211; BODRUM \/ MU\u011eLA<\/p>\n<p style=\"text-align: center;\">\u0130\u015f Bankas\u0131 Iban TL Hesab\u0131 : TR210006400000136120219868<\/p>\n<\/div><\/div><div class=\"w-separator size_small with_line width_default thick_1 style_solid color_border align_center\"><div class=\"w-separator-h\"><\/div><\/div><\/div><\/div><\/div><\/div><\/div><\/section><section class=\"l-section wpb_row height_small\"><div class=\"l-section-h i-cf\"><div class=\"g-cols vc_row via_flex valign_top type_default stacking_default\"><div class=\"vc_col-sm-12 wpb_column vc_column_container\"><div class=\"vc_column-inner\"><div class=\"wpb_wrapper\"><div class=\"w-tabs layout_hor style_radio2 switch_click has_scrolling remove_indents\" style=\"--sections-title-size:1.2rem\" data-accordion-at-width=\"300\"><div class=\"w-tabs-list items_1 align_justify\" style=\"font-family:var(--font-h1);font-weight:600;\"><div class=\"w-tabs-list-h\"><button class=\"w-tabs-item active\" aria-controls=\"content-a218\" aria-expanded=\"false\"><span class=\"w-tabs-item-title\">HelpZone Donate Now<\/span><\/button><\/div><\/div><div class=\"w-tabs-sections titles-align_none icon_plus cpos_right\"><div class=\"w-tabs-section active\" id=\"a218\"><button class=\"w-tabs-section-header active\" aria-controls=\"content-a218\" aria-expanded=\"true\"><h4 class=\"w-tabs-section-title\">HelpZone Donate Now<\/h4><div class=\"w-tabs-section-control\"><\/div><\/button><div  class=\"w-tabs-section-content\" id=\"content-a218\"><div class=\"w-tabs-section-content-h i-cf\"><div class=\"g-cols wpb_row via_flex valign_top type_default stacking_default\"><div class=\"vc_col-sm-6 wpb_column vc_column_container\"><div class=\"vc_column-inner\"><div class=\"wpb_wrapper\"><div class=\"w-separator size_small with_line width_default thick_1 style_solid color_border align_center\"><div class=\"w-separator-h\"><\/div><\/div><div class=\"wpb_text_column\"><div class=\"wpb_wrapper\"><p><strong>TRY (\u20ba):<\/strong><\/p>\n<p>Account Name: HERKES \u0130\u00c7\u0130N E\u015e\u0130TL\u0130K VE L\u0130DERL\u0130K PLATFORMU DERNE\u011e\u0130<\/p>\n<p>Bank Name: T. \u0130\u015f Bankas\u0131 A.\u015e<\/p>\n<p>Branch Name: Bodrum \/ Mu\u011fla \/ T\u00fcrkiye<\/p>\n<p>IBAN:\u00a0TR21 0006 4000 0013 6120 2198 68<\/p>\n<hr \/>\n<p><strong>EURO (\u20ac):<\/strong><\/p>\n<p>Account Name: HERKES \u0130\u00c7\u0130N E\u015e\u0130TL\u0130K VE L\u0130DERL\u0130K PLATFORMU DERNE\u011e\u0130<\/p>\n<p>Bank Name: T. \u0130\u015f Bankas\u0131 A.\u015e<\/p>\n<p>Branch Name: Bodrum \/ Mu\u011fla \/ T\u00fcrkiye<\/p>\n<p>IBAN: TR07 0006 4000 0023 6120 0984 77<\/p>\n<p>SWIFT: ISBKTRISXXX<\/p>\n<\/div><\/div><\/div><\/div><\/div><div class=\"vc_col-sm-6 wpb_column vc_column_container\"><div class=\"vc_column-inner\"><div class=\"wpb_wrapper\"><div class=\"w-separator size_small with_line width_default thick_1 style_solid color_border align_center\"><div class=\"w-separator-h\"><\/div><\/div><div class=\"wpb_text_column us_custom_80a192e9\"><div class=\"wpb_wrapper\"><p><strong>USD ($):<\/strong><\/p>\n<p>Account Name: HERKES \u0130\u00c7\u0130N E\u015e\u0130TL\u0130K VE L\u0130DERL\u0130K PLATFORMU DERNE\u011e\u0130<\/p>\n<p>Bank Name: T. \u0130\u015f Bankas\u0131 A.\u015e<\/p>\n<p>Branch Name: Bodrum \/ Mu\u011fla \/ T\u00fcrkiye<\/p>\n<p>IBAN:\u00a0TR69 0006 4000 0023 6120 1472 19<\/p>\n<p>SWIFT: ISBKTRISXXX<\/p>\n<hr \/>\n<p><strong>GBP (\u00a3):<\/strong><\/p>\n<p>Account Name: HERKES \u0130\u00c7\u0130N E\u015e\u0130TL\u0130K VE L\u0130DERL\u0130K PLATFORMU DERNE\u011e\u0130<\/p>\n<p>Bank Name: T. \u0130\u015f Bankas\u0131 A.\u015e<\/p>\n<p>Branch Name: Bodrum \/ Mu\u011fla \/ T\u00fcrkiye<\/p>\n<p>IBAN:\u00a0TR58 0006 4000 0023 6120 1472 23<\/p>\n<p>SWIFT: ISBKTRISXXX<\/p>\n<\/div><\/div><\/div><\/div><\/div><\/div><\/div><\/div><\/div><\/div><\/div><\/div><\/div><\/div><div class=\"vc_col-sm-12 wpb_column vc_column_container\"><div class=\"vc_column-inner\"><div class=\"wpb_wrapper\"><div class=\"w-separator size_small with_line width_default thick_1 style_solid color_border align_center\"><div class=\"w-separator-h\"><\/div><\/div><div class=\"w-btn-wrapper align_center\"><a class=\"w-btn us-btn-style_2 us_custom_f4397b66\" href=\"https:\/\/www.helpzone.org\/bagisci-haklari-beyannamesi\/\"><span class=\"w-btn-label\">Ba\u011f\u0131\u015f\u00e7\u0131 Haklar\u0131 Beyannamesi g\u00f6r\u00fcnt\u00fclemek i\u00e7in t\u0131klay\u0131n\u0131z.<\/span><\/a><\/div><\/div><\/div><\/div><\/div><\/div><\/section>\n","protected":false},"excerpt":{"rendered":"Donate Now Hesap Ad\u0131 : Herkes i\u00e7in E\u015fitlik ve Liderlik Platformu Derne\u011fi \u015eube : Konac\u0131k &#8211; BODRUM \/ MU\u011eLA \u0130\u015f Bankas\u0131 Iban TL Hesab\u0131 : TR210006400000136120219868 HelpZone Donate NowHelpZone Donate...","protected":false},"author":1,"featured_media":0,"parent":0,"menu_order":0,"comment_status":"closed","ping_status":"closed","template":"","meta":[],"acf":[],"_links":{"self":[{"href":"https:\/\/www.helpzone.org\/en\/wp-json\/wp\/v2\/pages\/7581"}],"collection":[{"href":"https:\/\/www.helpzone.org\/en\/wp-json\/wp\/v2\/pages"}],"about":[{"href":"https:\/\/www.helpzone.org\/en\/wp-json\/wp\/v2\/types\/page"}],"author":[{"embeddable":true,"href":"https:\/\/www.helpzone.org\/en\/wp-json\/wp\/v2\/users\/1"}],"replies":[{"embeddable":true,"href":"https:\/\/www.helpzone.org\/en\/wp-json\/wp\/v2\/comments?post=7581"}],"version-history":[{"count":11,"href":"https:\/\/www.helpzone.org\/en\/wp-json\/wp\/v2\/pages\/7581\/revisions"}],"predecessor-version":[{"id":8788,"href":"https:\/\/www.helpzone.org\/en\/wp-json\/wp\/v2\/pages\/7581\/revisions\/8788"}],"wp:attachment":[{"href":"https:\/\/www.helpzone.org\/en\/wp-json\/wp\/v2\/media?parent=7581"}],"curies":[{"name":"wp","href":"https:\/\/api.w.org\/{rel}","templated":true}]}}