{"id":7707,"date":"2020-11-12T00:33:23","date_gmt":"2020-11-11T21:33:23","guid":{"rendered":"https:\/\/www.helpzone.org\/?page_id=7707"},"modified":"2021-11-15T11:47:34","modified_gmt":"2021-11-15T08:47:34","slug":"management-team","status":"publish","type":"page","link":"https:\/\/www.helpzone.org\/en\/management-team\/","title":{"rendered":"Management Team"},"content":{"rendered":"<section class=\"l-section wpb_row height_huge color_primary with_img parallax_ver with_shape\"><div class=\"l-section-img\" data-img-width=\"1920\" data-img-height=\"1080\" style=\"background-image: url(https:\/\/www.helpzone.org\/wp-content\/uploads\/2020\/06\/helpzonebg.jpg);background-repeat: no-repeat;\"><\/div><div class=\"l-section-overlay\" style=\"background:linear-gradient(90deg,rgba(34,170,134,0.10),rgba(0,165,212,0.10))\"><\/div><div class=\"l-section-shape type_zigzag pos_bottom\" style=\"height:15vmin;color:#EDF1F2\"><svg xmlns=\"http:\/\/www.w3.org\/2000\/svg\" viewBox=\"0 0 64 8\" preserveAspectRatio=\"none\" width=\"100%\" height=\"100%\">\r\n\t<path fill=\"currentColor\" d=\"M64 8 L0 8 L0 0 L20 7.9 L40 3 L48 5 L64 0 Z\"\/>\r\n<\/svg><\/div><div class=\"l-section-h i-cf\"><div class=\"g-cols vc_row via_flex valign_top type_default stacking_default\"><div class=\"vc_col-sm-6 wpb_column vc_column_container\"><div class=\"vc_column-inner\"><div class=\"wpb_wrapper\"><div class=\"wpb_text_column us_custom_ef7ce23f\"><div class=\"wpb_wrapper\"><h1 style=\"text-align: left;\">HelpZone<\/h1>\n<\/div><\/div><div class=\"wpb_text_column us_custom_b2af23ed\"><div class=\"wpb_wrapper\"><p style=\"text-align: left;\">Management Team<\/p>\n<\/div><\/div><\/div><\/div><\/div><div class=\"vc_col-sm-6 wpb_column vc_column_container\"><div class=\"vc_column-inner\"><div class=\"wpb_wrapper\"><\/div><\/div><\/div><\/div><\/div><\/section><section class=\"l-section wpb_row height_auto width_full\"><div class=\"l-section-overlay\" style=\"background:#EDF1F2\"><\/div><div class=\"l-section-h i-cf\"><div class=\"g-cols vc_row via_flex valign_middle type_boxes stacking_default\"><div class=\"vc_col-sm-4 wpb_column vc_column_container\"><div class=\"vc_column-inner\"><div class=\"wpb_wrapper\"><div class=\"w-separator size_custom\" style=\"height:10px\"><\/div><div class=\"w-separator us_custom_a017e9eb has_text_color size_medium has_font_size with_line width_default thick_1 style_solid color_border align_left with_text with_content\"><div class=\"w-separator-h\"><h2 class=\"w-separator-text\"><span>MANAGEMENT TEAM<\/span><\/h2><\/div><\/div><\/div><\/div><\/div><div class=\"vc_col-sm-8 wpb_column vc_column_container\"><div class=\"vc_column-inner\"><div class=\"wpb_wrapper\"><div class=\"w-separator size_medium\"><\/div><div class=\"g-cols wpb_row via_flex valign_top type_default stacking_default\"><div class=\"vc_col-sm-6 wpb_column vc_column_container\"><div class=\"vc_column-inner\"><div class=\"wpb_wrapper\"><div class=\"w-iconbox iconpos_left style_default color_primary align_left\"><div class=\"w-iconbox-icon\" style=\"font-size:;\"><i class=\"far fa-sun\"><\/i><\/div><div class=\"w-iconbox-meta\"><h4 class=\"w-iconbox-title\">Sevin\u00e7 Atabay<\/h4><div class=\"w-iconbox-text\"><div class=\"w-person-role\">President of the Association<\/div>\n<\/div><\/div><\/div><\/div><\/div><\/div><div class=\"vc_col-sm-6 wpb_column vc_column_container\"><div class=\"vc_column-inner\"><div class=\"wpb_wrapper\"><div class=\"w-iconbox iconpos_left style_default color_primary align_left\"><div class=\"w-iconbox-icon\" style=\"font-size:;\"><i class=\"far fa-sun\"><\/i><\/div><div class=\"w-iconbox-meta\"><h4 class=\"w-iconbox-title\">\u00d6zg\u00fcr Bolat<\/h4><div class=\"w-iconbox-text\"><div class=\"w-person-role\">Vice President<\/div>\n<\/div><\/div><\/div><\/div><\/div><\/div><\/div><div class=\"w-separator size_medium\"><\/div><div class=\"g-cols wpb_row via_flex valign_top type_default stacking_default\"><div class=\"vc_col-sm-4 wpb_column vc_column_container\"><div class=\"vc_column-inner\"><div class=\"wpb_wrapper\"><div class=\"w-iconbox iconpos_left style_default color_primary align_left\"><div class=\"w-iconbox-icon\" style=\"font-size:;\"><i class=\"far fa-sun\"><\/i><\/div><div class=\"w-iconbox-meta\"><h4 class=\"w-iconbox-title\">Emre Uzer<\/h4><div class=\"w-iconbox-text\"><div class=\"w-person-role\">Accountant<\/div>\n<\/div><\/div><\/div><\/div><\/div><\/div><div class=\"vc_col-sm-4 wpb_column vc_column_container\"><div class=\"vc_column-inner\"><div class=\"wpb_wrapper\"><div class=\"w-iconbox iconpos_left style_default color_primary align_left\"><div class=\"w-iconbox-icon\" style=\"font-size:;\"><i class=\"far fa-sun\"><\/i><\/div><div class=\"w-iconbox-meta\"><h4 class=\"w-iconbox-title\">Asude G\u00fcray<\/h4><div class=\"w-iconbox-text\"><div class=\"w-person-role\">Secretary<\/div>\n<\/div><\/div><\/div><\/div><\/div><\/div><div class=\"vc_col-sm-4 wpb_column vc_column_container\"><div class=\"vc_column-inner\"><div class=\"wpb_wrapper\"><div class=\"w-iconbox iconpos_left style_default color_primary align_left\"><div class=\"w-iconbox-icon\" style=\"font-size:;\"><i class=\"far fa-sun\"><\/i><\/div><div class=\"w-iconbox-meta\"><h4 class=\"w-iconbox-title\">Nur\u015fen Numano\u011flu<\/h4><div class=\"w-iconbox-text\"><div class=\"w-person-role\">Member<\/div>\n<\/div><\/div><\/div><\/div><\/div><\/div><\/div><\/div><\/div><\/div><\/div><\/div><\/section>\n","protected":false},"excerpt":{"rendered":"HelpZone Management Team MANAGEMENT TEAMSevin\u00e7 AtabayPresident of the Association \u00d6zg\u00fcr BolatVice President Emre UzerAccountant Asude G\u00fcraySecretary Nur\u015fen Numano\u011fluMember","protected":false},"author":1,"featured_media":0,"parent":0,"menu_order":0,"comment_status":"closed","ping_status":"closed","template":"","meta":[],"acf":[],"_links":{"self":[{"href":"https:\/\/www.helpzone.org\/en\/wp-json\/wp\/v2\/pages\/7707"}],"collection":[{"href":"https:\/\/www.helpzone.org\/en\/wp-json\/wp\/v2\/pages"}],"about":[{"href":"https:\/\/www.helpzone.org\/en\/wp-json\/wp\/v2\/types\/page"}],"author":[{"embeddable":true,"href":"https:\/\/www.helpzone.org\/en\/wp-json\/wp\/v2\/users\/1"}],"replies":[{"embeddable":true,"href":"https:\/\/www.helpzone.org\/en\/wp-json\/wp\/v2\/comments?post=7707"}],"version-history":[{"count":9,"href":"https:\/\/www.helpzone.org\/en\/wp-json\/wp\/v2\/pages\/7707\/revisions"}],"predecessor-version":[{"id":7990,"href":"https:\/\/www.helpzone.org\/en\/wp-json\/wp\/v2\/pages\/7707\/revisions\/7990"}],"wp:attachment":[{"href":"https:\/\/www.helpzone.org\/en\/wp-json\/wp\/v2\/media?parent=7707"}],"curies":[{"name":"wp","href":"https:\/\/api.w.org\/{rel}","templated":true}]}}