{"id":8569,"date":"2022-06-16T16:15:09","date_gmt":"2022-06-16T13:15:09","guid":{"rendered":"https:\/\/www.helpzone.org\/levent-erkan\/"},"modified":"2022-06-16T18:55:12","modified_gmt":"2022-06-16T15:55:12","slug":"levent-erkan","status":"publish","type":"page","link":"https:\/\/www.helpzone.org\/en\/levent-erkan\/","title":{"rendered":"Levent ERKAN"},"content":{"rendered":"<section class=\"l-section wpb_row hide_on_tablets hide_on_mobiles height_small\"><div class=\"l-section-h i-cf\"><div class=\"g-cols vc_row via_flex valign_top type_default stacking_default\"><div class=\"vc_col-sm-12 vc_hidden-md vc_hidden-sm vc_hidden-xs wpb_column vc_column_container\"><div class=\"vc_column-inner\"><div class=\"wpb_wrapper\"><div class=\"wpb_text_column us_custom_0268b8cc\"><div class=\"wpb_wrapper\"><p style=\"text-align: center;\">Please view on your mobile device.<\/p>\n<\/div><\/div><\/div><\/div><\/div><\/div><\/div><\/section><section class=\"l-section wpb_row hide_on_default hide_on_laptops hide_on_tablets height_medium type_sticky\"><div class=\"l-section-h i-cf\"><div class=\"g-cols vc_row via_flex valign_middle type_default stacking_default\"><div class=\"vc_col-sm-3 wpb_column vc_column_container\"><div class=\"vc_column-inner\"><div class=\"wpb_wrapper\"><\/div><\/div><\/div><div class=\"vc_col-sm-6 vc_hidden-lg vc_hidden-md vc_hidden-sm wpb_column vc_column_container\"><div class=\"vc_column-inner us_custom_cf362e21\"><div class=\"wpb_wrapper\"><div class=\"w-separator size_medium\"><\/div><div class=\"w-hwrapper align_center valign_middle\" style=\"--hwrapper-gap:1.7rem\"><h2 class=\"w-text us_custom_4265a15c\"><span class=\"w-text-h\"><span class=\"w-text-value\">Levent ERKAN<\/span><\/span><\/h2><div class=\"w-image us_custom_cd5804b8 align_left\"><div class=\"w-image-h\"><img width=\"600\" height=\"600\" src=\"https:\/\/www.helpzone.org\/wp-content\/uploads\/2022\/06\/leventerkan.jpg\" class=\"attachment-full size-full\" alt=\"\" decoding=\"async\" loading=\"lazy\" srcset=\"https:\/\/www.helpzone.org\/wp-content\/uploads\/2022\/06\/leventerkan.jpg 600w, https:\/\/www.helpzone.org\/wp-content\/uploads\/2022\/06\/leventerkan-300x300.jpg 300w, https:\/\/www.helpzone.org\/wp-content\/uploads\/2022\/06\/leventerkan-150x150.jpg 150w, https:\/\/www.helpzone.org\/wp-content\/uploads\/2022\/06\/leventerkan-350x350.jpg 350w\" sizes=\"(max-width: 600px) 100vw, 600px\" \/><\/div><\/div><\/div><div class=\"w-separator size_huge\"><\/div><div class=\"g-cols wpb_row us_custom_92abef8b via_flex valign_middle type_default stacking_default\"><div class=\"vc_col-sm-6 wpb_column vc_column_container\"><div class=\"vc_column-inner\"><div class=\"wpb_wrapper\"><\/div><\/div><\/div><div class=\"vc_col-sm-6 wpb_column vc_column_container\"><div class=\"vc_column-inner\"><div class=\"wpb_wrapper\"><\/div><\/div><\/div><\/div><\/div><\/div><\/div><div class=\"vc_col-sm-3 wpb_column vc_column_container\"><div class=\"vc_column-inner\"><div class=\"wpb_wrapper\"><\/div><\/div><\/div><\/div><\/div><\/section><section class=\"l-section wpb_row us_custom_fcf17d99 hide_on_default hide_on_laptops hide_on_tablets height_small with_shape\"><div class=\"l-section-overlay\" style=\"background:#f0f0f0\"><\/div><div class=\"l-section-shape type_wave pos_top\" style=\"height:7vh;\"><svg xmlns=\"http:\/\/www.w3.org\/2000\/svg\" viewBox=\"0 4 64 4\" preserveAspectRatio=\"none\" width=\"100%\" height=\"100%\">\r\n\t<path fill=\"currentColor\" d=\"M64 6 C32 0 32 12 0 6 L0 8 L64 8 Z\"\/>\r\n<\/svg><\/div><div class=\"l-section-shape type_wave pos_bottom\" style=\"height:5vh;\"><svg xmlns=\"http:\/\/www.w3.org\/2000\/svg\" viewBox=\"0 4 64 4\" preserveAspectRatio=\"none\" width=\"100%\" height=\"100%\">\r\n\t<path fill=\"currentColor\" d=\"M64 6 C32 0 32 12 0 6 L0 8 L64 8 Z\"\/>\r\n<\/svg><\/div><div class=\"l-section-h i-cf\"><div class=\"g-cols vc_row via_flex valign_middle type_default stacking_default\"><div class=\"vc_col-sm-3 wpb_column vc_column_container\"><div class=\"vc_column-inner\"><div class=\"wpb_wrapper\"><\/div><\/div><\/div><div class=\"vc_col-sm-6 vc_hidden-lg vc_hidden-md vc_hidden-sm wpb_column vc_column_container\"><div class=\"vc_column-inner\"><div class=\"wpb_wrapper\"><div class=\"w-separator size_small\"><\/div><div class=\"wpb_text_column us_custom_4481559d hide_on_default hide_on_laptops hide_on_tablets hide_on_mobiles\"><div class=\"wpb_wrapper\"><p>1980 y\u0131l\u0131nda Mill\u00ee E\u011fitim Bakanl\u0131\u011f\u0131 Talim ve Terbiye Kurulunda g\u00f6reve ba\u015flayan Sevin\u00e7 Atabay, 1991-1993 y\u0131llar\u0131 aras\u0131nda e\u011fitim ata\u015fesi olarak Chicago\/ABD\u2019de bulundu. Talim ve Terbiye Kurulu Program Geli\u015ftirme Dairesinde yabanc\u0131 dil programlar\u0131n\u0131n geli\u015ftirilmesi ve uygulanmas\u0131, erken ya\u015f dil \u00f6\u011frenim metotlar\u0131n\u0131n geli\u015ftirilmesi gibi alanlarda g\u00f6rev yapt\u0131 ve Kitap Yaz\u0131m Komisyonlar\u0131nda ba\u015fkanl\u0131k g\u00f6revini y\u00fcr\u00fctt\u00fc.<\/p>\n<p>2000 y\u0131l\u0131 sonras\u0131nda Avrupa Birli\u011fi Genel Sekreterli\u011fi Topluluk Programlar\u0131 Genel Koordinat\u00f6r\u00fc olarak AB\u2019nin e\u011fitim politikalar\u0131n\u0131n tan\u0131t\u0131lmas\u0131 alan\u0131nda \u00e7al\u0131\u015fan Atabay, Talim ve Terbiye Kurulu ve AB Genel Sekreterli\u011findeki g\u00f6revlerinden 27 y\u0131ll\u0131k kamu hizmetinin ard\u0131ndan ayr\u0131larak Ocak 2006\u2019da emekli oldu.<\/p>\n<p>T\u00fcrk E\u011fitim Derne\u011fi Genel M\u00fcd\u00fcr\u00fc olarak g\u00f6rev yapan ve Avrupa Birli\u011fi\u2019nin anla\u015f\u0131lmas\u0131 i\u00e7in olu\u015fturulan AB Tak\u0131m\u0131n\u0131n da \u00fcyesi olan Atabay\u2019\u0131n \u0130ngilizce \u00f6\u011fretimi ve AB e\u011fitim politikalar\u0131 konular\u0131nda yay\u0131nlar\u0131 vard\u0131r (<i>e-\u00dclke-e-Avrupa 2005, Avrupa Birli\u011fi E\u011fitim Programlar\u0131, Comenius-Okul E\u011fitimi, 6. \u00c7er\u00e7eve Program\u0131 T\u00fcrkiye\u2019ye Ne Getirir?, Avrupa Birli\u011fine Giri\u015f S\u00fcrecinde E\u011fitim, Avrupa Birli\u011fi E\u011fitim ve Gen\u00e7lik Programlar\u0131, Avrupa Birli\u011fi E\u011fitim Politikalar\u0131<\/i>). Atabay, evli ve bir \u00e7ocuk annesidir.<\/p>\n<\/div><\/div><div class=\"w-separator size_medium\"><\/div><div class=\"w-hwrapper align_center valign_middle\" style=\"--hwrapper-gap:1.0rem\"><div class=\"w-iconbox iconpos_left style_outlined color_primary align_center no_title no_text\"><a href=\"mailto:leventerkan@leventerkan.com\" class=\"w-iconbox-link\" aria-label=\"fas|envelope\"><div class=\"w-iconbox-icon\" style=\"font-size:1.3rem;\"><i class=\"fas fa-envelope\"><\/i><\/div><\/a><div class=\"w-iconbox-meta\"><\/div><\/div><div class=\"w-iconbox iconpos_left style_outlined color_primary align_center no_title no_text\"><a href=\"tel:+90 533 642 47 33\" class=\"w-iconbox-link\" aria-label=\"fas|phone\"><div class=\"w-iconbox-icon\" style=\"font-size:1.3rem;\"><i class=\"fas fa-phone\"><\/i><\/div><\/a><div class=\"w-iconbox-meta\"><\/div><\/div><div class=\"w-iconbox iconpos_left style_outlined color_primary align_center no_title no_text\"><a target=\"_blank\" href=\"https:\/\/www.leventerkan.com\/\" rel=\"noopener\" class=\"w-iconbox-link\" aria-label=\"fad|browser\"><div class=\"w-iconbox-icon\" style=\"font-size:1.3rem;\"><i class=\"fad fa-browser\"><\/i><\/div><\/a><div class=\"w-iconbox-meta\"><\/div><\/div><\/div><div class=\"w-separator size_medium\"><\/div><div class=\"w-popup w-btn-wrapper align_center\"><button aria-label=\"My Digital Business Card\" class=\"w-popup-trigger type_btn w-btn us-btn-style_3\" style=\"font-size:12px\"><span class=\"w-btn-label\">My Digital Business Card<\/span><\/button><div class=\"w-popup-overlay\" style=\"background:rgba(0,0,0,0.85);\"><\/div><div class=\"w-popup-wrap\" style=\"--title-color:#ffffff;--title-bg-color:rgba(88,123,152,0.80);--content-color:rgba(88,123,152,0.80);--content-bg-color:var(--color-content-bg)\"><div class=\"w-popup-box animation_fadeIn closerpos_outside with_title\" style=\"width:600px;\"><div class=\"w-popup-box-h\"><div class=\"w-popup-box-title\">My Digital Business Card<\/div><div class=\"w-popup-box-content\" style=\"padding:5%;\"><p style=\"text-align: center;\"><a ref=\"magnificPopup\" href=\"https:\/\/www.helpzone.org\/wp-content\/uploads\/2022\/06\/leqrcode.png\"><img decoding=\"async\" loading=\"lazy\" class=\"alignnone wp-image-8558 size-full\" src=\"https:\/\/www.helpzone.org\/wp-content\/uploads\/2022\/06\/leqrcode.png\" alt=\"\" width=\"600\" height=\"600\" srcset=\"https:\/\/www.helpzone.org\/wp-content\/uploads\/2022\/06\/leqrcode.png 600w, https:\/\/www.helpzone.org\/wp-content\/uploads\/2022\/06\/leqrcode-300x300.png 300w, https:\/\/www.helpzone.org\/wp-content\/uploads\/2022\/06\/leqrcode-150x150.png 150w, https:\/\/www.helpzone.org\/wp-content\/uploads\/2022\/06\/leqrcode-350x350.png 350w, https:\/\/www.helpzone.org\/wp-content\/uploads\/2022\/06\/leqrcode-118x118.png 118w\" sizes=\"(max-width: 600px) 100vw, 600px\" \/><\/a><\/p>\n<\/div><\/div><\/div><div class=\"w-popup-closer\"><\/div><\/div><\/div><\/div><\/div><\/div><div class=\"vc_col-sm-3 wpb_column vc_column_container\"><div class=\"vc_column-inner\"><div class=\"wpb_wrapper\"><\/div><\/div><\/div><\/div><\/div><\/section><section class=\"l-section wpb_row height_auto with_shape\"><div class=\"l-section-shape type_wave pos_top\" style=\"height:10vh;\"><svg xmlns=\"http:\/\/www.w3.org\/2000\/svg\" viewBox=\"0 4 64 4\" preserveAspectRatio=\"none\" width=\"100%\" height=\"100%\">\r\n\t<path fill=\"currentColor\" d=\"M64 6 C32 0 32 12 0 6 L0 8 L64 8 Z\"\/>\r\n<\/svg><\/div><div class=\"l-section-h i-cf\"><div class=\"g-cols vc_row via_flex valign_top type_default stacking_default\"><div class=\"vc_col-sm-12 vc_hidden-lg vc_hidden-md vc_hidden-sm wpb_column vc_column_container\"><div class=\"vc_column-inner\"><div class=\"wpb_wrapper\"><div class=\"w-tabs layout_hor style_radio3 switch_click has_scrolling\" data-accordion-at-width=\"300\"><div class=\"w-tabs-list items_2 align_center\" style=\"font-weight:600;text-transform:uppercase;\"><div class=\"w-tabs-list-h\"><button class=\"w-tabs-item active\" aria-controls=\"content-o25e\" aria-expanded=\"false\"><span class=\"w-tabs-item-title\">Form<\/span><\/button><button class=\"w-tabs-item with_icon\" aria-controls=\"content-pc3f\" aria-expanded=\"false\"><i class=\"fad fa-address-book\"><\/i><span class=\"w-tabs-item-title\">Add to Contacts<\/span><\/button><\/div><\/div><div class=\"w-tabs-sections titles-align_none icon_chevron cpos_right\"><div class=\"w-tabs-section active\" id=\"o25e\"><button class=\"w-tabs-section-header active\" aria-controls=\"content-o25e\" aria-expanded=\"true\"><div class=\"w-tabs-section-title\">Form<\/div><div class=\"w-tabs-section-control\"><\/div><\/button><div  class=\"w-tabs-section-content\" id=\"content-o25e\"><div class=\"w-tabs-section-content-h i-cf\"><form class=\"w-form  layout_ver for_cform us_form_1\" autocomplete=\"off\" action=\"https:\/\/www.helpzone.org\/en\/wp-json\/wp\/v2\/pages\/8569\" method=\"post\"><div class=\"w-form-h\"><div class=\"w-form-row for_text required\">\r\n\t\t<div class=\"w-form-row-field\">\r\n\t\t\t\t\t\t<input aria-label=\"Name Surname\" type=\"text\" name=\"us_form_1_text_1\" value placeholder=\"Name Surname *\" data-required=\"true\" aria-required=\"true\"\/>\r\n\t\t\t<\/div>\r\n\t\t<div class=\"w-form-row-state\">Fill out this field<\/div>\r\n<\/div>\r\n<div class=\"w-form-row for_email required\">\r\n\t\t<div class=\"w-form-row-field\">\r\n\t\t\t\t\t\t<input aria-label=\"E-mail\" type=\"email\" name=\"us_form_1_email_1\" value placeholder=\"E-mail *\" data-required=\"true\" aria-required=\"true\"\/>\r\n\t\t\t<\/div>\r\n\t\t<div class=\"w-form-row-state\">Please enter a valid email address.<\/div>\r\n<\/div>\r\n<div class=\"w-form-row for_textarea required\">\r\n\t\t<div class=\"w-form-row-field\">\r\n\t\t\t\t\t\t<textarea aria-label=\"Comment\" name=\"us_form_1_textarea_1\" placeholder=\"Comment *\" data-required=\"true\" aria-required=\"true\"><\/textarea>\r\n\t\t\t<\/div>\r\n\t\t<div class=\"w-form-row-state\">Fill out this field<\/div>\r\n<\/div>\r\n<input type=\"hidden\" name=\"action\" value=\"us_ajax_cform\" \/>\r\n<input type=\"hidden\" name=\"post_id\" value=\"0\" \/>\r\n<input type=\"hidden\" name=\"form_index\" value=\"1\" \/>\r\n<div class=\"w-form-row for_submit  align_none\">\r\n\t<button class=\"w-btn  us-btn-style_1\" aria-label=\"Submit\" type=\"submit\">\r\n\t\t<span class=\"g-preloader type_1\"><\/span>\r\n\t\t\t\t<span class=\"w-btn-label\">Submit<\/span>\r\n\t\t\t<\/button>\r\n\t<\/div>\r\n<\/div><div class=\"w-form-message\"><\/div><div class=\"w-form-json hidden\" onclick='return {&quot;ajaxurl&quot;:&quot;https:\\\/\\\/www.helpzone.org\\\/wp-admin\\\/admin-ajax.php&quot;,&quot;messages&quot;:{&quot;err_empty&quot;:&quot;Fill out this field&quot;,&quot;err_size&quot;:&quot;File size cannot exceed %s MB&quot;,&quot;err_extension&quot;:&quot;%s file type is not allowed&quot;}}'><\/div><\/form><\/div><\/div><\/div><div class=\"w-tabs-section\" id=\"pc3f\"><button class=\"w-tabs-section-header with_icon\" aria-controls=\"content-pc3f\" aria-expanded=\"false\"><i class=\"fad fa-address-book\"><\/i><div class=\"w-tabs-section-title\">Add to Contacts<\/div><div class=\"w-tabs-section-control\"><\/div><\/button><div  class=\"w-tabs-section-content\" id=\"content-pc3f\"><div class=\"w-tabs-section-content-h i-cf\"><div class=\"g-cols wpb_row via_flex valign_top type_default stacking_default\"><div class=\"vc_col-sm-6 wpb_column vc_column_container\"><div class=\"vc_column-inner\"><div class=\"wpb_wrapper\"><div class=\"w-image us_custom_e3401e56 style_shadow-2 align_none\"><div class=\"w-image-h\"><div class=\"w-image-shadow\" style=\"background-image:url(https:\/\/www.helpzone.org\/wp-content\/uploads\/2022\/06\/Levent_ERKANbcqr.png);\"><\/div><img width=\"600\" height=\"600\" src=\"https:\/\/www.helpzone.org\/wp-content\/uploads\/2022\/06\/Levent_ERKANbcqr.png\" class=\"attachment-full size-full\" alt=\"\" decoding=\"async\" loading=\"lazy\" srcset=\"https:\/\/www.helpzone.org\/wp-content\/uploads\/2022\/06\/Levent_ERKANbcqr.png 600w, https:\/\/www.helpzone.org\/wp-content\/uploads\/2022\/06\/Levent_ERKANbcqr-300x300.png 300w, https:\/\/www.helpzone.org\/wp-content\/uploads\/2022\/06\/Levent_ERKANbcqr-150x150.png 150w, https:\/\/www.helpzone.org\/wp-content\/uploads\/2022\/06\/Levent_ERKANbcqr-350x350.png 350w\" sizes=\"(max-width: 600px) 100vw, 600px\" \/><\/div><\/div><\/div><\/div><\/div><div class=\"vc_col-sm-6 wpb_column vc_column_container\"><div class=\"vc_column-inner us_custom_eb849559\"><div class=\"wpb_wrapper\"><div class=\"wpb_text_column\"><div class=\"wpb_wrapper\"><p style=\"text-align: center;\">Please scan the QR Code!<\/p>\n<\/div><\/div><div class=\"w-separator size_medium\"><\/div><\/div><\/div><\/div><\/div><\/div><\/div><\/div><\/div><\/div><div class=\"w-separator size_medium\"><\/div><div class=\"w-separator size_large with_line width_default thick_1 style_solid color_border align_center with_text with_content\"><div class=\"w-separator-h\"><h6 class=\"w-separator-text\"><span>Social Media<\/span><\/h6><\/div><\/div><div class=\"w-socials us_custom_eb849559 color_text shape_rounded style_default hover_fade\"><div class=\"w-socials-list\"><div class=\"w-socials-item twitter\"><a class=\"w-socials-item-link\" href=\"https:\/\/twitter.com\/leventerkancom\" target=\"_blank\" rel=\"noopener nofollow\" title=\"Twitter\" aria-label=\"Twitter\"><span class=\"w-socials-item-link-hover\"><\/span><i class=\"fab fa-twitter\"><\/i><\/a><div class=\"w-socials-item-popup\"><span>Twitter<\/span><\/div><\/div><div class=\"w-socials-item instagram\"><a class=\"w-socials-item-link\" href=\"https:\/\/www.instagram.com\/leventerkan\/\" target=\"_blank\" rel=\"noopener nofollow\" title=\"Instagram\" aria-label=\"Instagram\"><span class=\"w-socials-item-link-hover\"><\/span><i class=\"fab fa-instagram\"><\/i><\/a><div class=\"w-socials-item-popup\"><span>Instagram<\/span><\/div><\/div><div class=\"w-socials-item linkedin\"><a class=\"w-socials-item-link\" href=\"https:\/\/tr.linkedin.com\/in\/leventerkan\" target=\"_blank\" rel=\"noopener nofollow\" title=\"LinkedIn\" aria-label=\"LinkedIn\"><span class=\"w-socials-item-link-hover\"><\/span><i class=\"fab fa-linkedin\"><\/i><\/a><div class=\"w-socials-item-popup\"><span>LinkedIn<\/span><\/div><\/div><\/div><\/div><\/div><\/div><\/div><\/div><\/div><\/section><section class=\"l-section wpb_row hide_on_default hide_on_laptops hide_on_tablets height_small\"><div class=\"l-section-overlay\" style=\"background:#f0f0f0\"><\/div><div class=\"l-section-h i-cf\"><div class=\"g-cols vc_row via_flex valign_top type_default stacking_default\"><div class=\"vc_col-sm-12 wpb_column vc_column_container\"><div class=\"vc_column-inner\"><div class=\"wpb_wrapper\"><div class=\"w-separator size_large with_line width_default thick_1 style_solid color_border align_center with_text with_content\"><div class=\"w-separator-h\"><h6 class=\"w-separator-text\"><span>Share to<\/span><\/h6><\/div><\/div><div class=\"w-sharing type_simple align_center color_default\"><div class=\"w-sharing-list\" data-content-image=\"true\"><a class=\"w-sharing-item email\" href=\"mailto:?subject=Levent ERKAN&amp;body=https:\/\/www.helpzone.org\/As3bBmpAkY5h6Pa3e4bZ717fZlyl0e7o\" title=\"Email this\" aria-label=\"Email this\"><i class=\"fas fa-envelope\"><\/i><\/a><a class=\"w-sharing-item facebook\" href=\"https:\/\/www.facebook.com\/sharer\/sharer.php?u=https:\/\/www.helpzone.org\/As3bBmpAkY5h6Pa3e4bZ717fZlyl0e7o&amp;quote=Levent ERKAN\" title=\"Share this\" aria-label=\"Share this\" onclick=\"window.open(this.href, &quot;facebook&quot;, &quot;toolbar=0,width=900,height=500&quot;); return false;\"><i class=\"fab fa-facebook\"><\/i><\/a><a class=\"w-sharing-item twitter\" href=\"https:\/\/twitter.com\/intent\/tweet?text=Levent ERKAN&amp;url=https:\/\/www.helpzone.org\/As3bBmpAkY5h6Pa3e4bZ717fZlyl0e7o\" title=\"Tweet this\" aria-label=\"Tweet this\" onclick=\"window.open(this.href, &quot;twitter&quot;, &quot;toolbar=0,width=650,height=360&quot;); return false;\"><i class=\"fab fa-twitter\"><\/i><\/a><a class=\"w-sharing-item linkedin\" href=\"https:\/\/www.linkedin.com\/shareArticle?mini=true&amp;url=https:\/\/www.helpzone.org\/As3bBmpAkY5h6Pa3e4bZ717fZlyl0e7o\" title=\"Share this\" aria-label=\"Share this\" onclick=\"window.open(this.href, &quot;linkedin&quot;, &quot;toolbar=no,width=550,height=550&quot;); return false;\"><i class=\"fab fa-linkedin\"><\/i><\/a><a class=\"w-sharing-item whatsapp\" href=\"https:\/\/web.whatsapp.com\/send?text=Levent ERKAN https:\/\/www.helpzone.org\/As3bBmpAkY5h6Pa3e4bZ717fZlyl0e7o\" title=\"Share this\" aria-label=\"Share this\" onclick=\"window.open(this.href, &quot;whatsapp&quot;, &quot;toolbar=0,width=900,height=500&quot;); return false;\"><i class=\"fab fa-whatsapp\"><\/i><\/a><\/div><\/div><\/div><\/div><\/div><\/div><\/div><\/section>\n","protected":false},"excerpt":{"rendered":"Please view on your mobile device. Levent ERKAN 1980 y\u0131l\u0131nda Mill\u00ee E\u011fitim Bakanl\u0131\u011f\u0131 Talim ve Terbiye Kurulunda g\u00f6reve ba\u015flayan Sevin\u00e7 Atabay, 1991-1993 y\u0131llar\u0131 aras\u0131nda e\u011fitim ata\u015fesi olarak Chicago\/ABD\u2019de bulundu. Talim...","protected":false},"author":1,"featured_media":0,"parent":0,"menu_order":0,"comment_status":"closed","ping_status":"closed","template":"","meta":[],"acf":[],"_links":{"self":[{"href":"https:\/\/www.helpzone.org\/en\/wp-json\/wp\/v2\/pages\/8569"}],"collection":[{"href":"https:\/\/www.helpzone.org\/en\/wp-json\/wp\/v2\/pages"}],"about":[{"href":"https:\/\/www.helpzone.org\/en\/wp-json\/wp\/v2\/types\/page"}],"author":[{"embeddable":true,"href":"https:\/\/www.helpzone.org\/en\/wp-json\/wp\/v2\/users\/1"}],"replies":[{"embeddable":true,"href":"https:\/\/www.helpzone.org\/en\/wp-json\/wp\/v2\/comments?post=8569"}],"version-history":[{"count":5,"href":"https:\/\/www.helpzone.org\/en\/wp-json\/wp\/v2\/pages\/8569\/revisions"}],"predecessor-version":[{"id":8574,"href":"https:\/\/www.helpzone.org\/en\/wp-json\/wp\/v2\/pages\/8569\/revisions\/8574"}],"wp:attachment":[{"href":"https:\/\/www.helpzone.org\/en\/wp-json\/wp\/v2\/media?parent=8569"}],"curies":[{"name":"wp","href":"https:\/\/api.w.org\/{rel}","templated":true}]}}